{"id":14,"date":"2021-02-06T00:00:00","date_gmt":"2021-02-05T23:00:00","guid":{"rendered":"http:\/\/robertogreco.eu\/lessico-genealogico\/titoli-funzioni-condizioni\/"},"modified":"2021-02-08T19:49:49","modified_gmt":"2021-02-08T18:49:49","slug":"titoli-funzioni-condizioni","status":"publish","type":"page","link":"https:\/\/robertogreco.eu\/lessico-genealogico\/definizioni-e-tassonomie\/titoli-funzioni-condizioni\/","title":{"rendered":"Definizioni: Titoli, Funzioni, Condizioni"},"content":{"rendered":"<p>Negli atti dello stato civile cos\u00ec come quelli notarili ed anche i registri parrocchiali, i nomi delle persone sono preceduti o seguiti, quando necessario, dai titoli che queste persone avevano. Nelle liste di Professioni ed Occupazioni in internet (cfr. p.es. [<a href=\"https:\/\/famiglia-greco.eu\/liste2020\/\">liste2020<\/a>]) spesso sono inclusi anche tali titoli, abbreviati o meno, o le corrispondenti funzioni delle persone nel contesto locale e temporale considerato. Per questo motivo <em>non alienum esse videtur<\/em><sup>[<a href=\"#nota4\">4<\/a>]<\/sup> (latino per &#8220;non sembra fuor di luogo&#8221;) definire anche questi due termini.<\/p>\n<h2>Titolo<\/h2>\n<p>In [<a href=\"https:\/\/www.treccani.it\/vocabolario\/titolo\/\" target=\"_blank\" rel=\"noopener noreferrer\">Treccani<\/a>] <strong>titolo<\/strong> \u00e8 definito tra l&#8217;altro come &#8220;&#8230; <strong>5.a.<\/strong> Riferito a persona (letterario o poetico), appellativo, attributo, nomea, fama &#8230; <strong>b.<\/strong> Segno distintivo o particolare qualificazione onorifica congiunta a dignit\u00e0 (titoli di dignit\u00e0), a cariche e uffici eminenti (titoli ecclesiastici, nobiliari, militari, cavallereschi e di ufficio) &#8230; <strong>c.<\/strong> Per estensione, titolo di studio, riconoscimento ufficiale ottenuto alla conclusione di un ciclo di stud\u00ee, che d\u00e0 in genere diritto a fare uso di un determinato titolo (maestro, ragioniere, perito, ecc.), o anche pi\u00f9 semplicemente il conseguimento di un diploma, la licenza di una scuola, che pu\u00f2 essere anche quella elementare o media inferiore &#8230; Analogamente, titoli accademici, quelli conseguiti al termine di un corso di stud\u00ee universitar\u00ee &#8230; &#8220;.<\/p>\n<h2>Funzione<\/h2>\n<p>Per <strong>funzione<\/strong> troviamo invece in [<a href=\"https:\/\/www.treccani.it\/vocabolario\/funzione\/\" target=\"_blank\" rel=\"noopener noreferrer\">Treccani<\/a>] tra gli altri il seguente significato: &#8220;<strong>1.<\/strong> Attivit\u00e0 svolta abitualmente o temporaneamente in vista di un determinato fine, per lo pi\u00f9 considerata nel complesso di un sistema sociale, burocratico, ecc. (sinonimo quindi spesso di ufficio o carica) &#8230; Spesso al plurale, con riferimento soprattutto alle mansioni che sono connesse con un ufficio o una carica &#8230; <strong>2.<\/strong> Con usi estensivi: <strong>a.<\/strong> Compito affidato o assunto, sia da parte di persone singole (spesso senza carattere strettamente professionale) sia da organismi o istituzioni, in un determinato ambiente o contesto sociale &#8230; <strong>b.<\/strong> Poco comune, nel linguaggio familiare, con il significato generico di faccenda, lavoro, incombenza (spesso in senso eufemistico) &#8230;&#8221;.<\/p>\n<p>Dalle due definizioni precedenti \u00e8 quindi chiaro perch\u00e9 titoli e funzioni siano spesso confusi o inclusi insieme a professioni ed occupazioni, anche se essi spesso abbiano un carattere temporario.<\/p>\n<h2>Condizioni<\/h2>\n<p>La <b>condizione <\/b>indica invece: &#8220;&#8230; <strong>2.a.<\/strong> Stato fisico, morale o finanziario di una persona &#8230; <strong>b.<\/strong> Con riferimento alla posizione sociale, allo stato familiare &#8230;&#8221; e quindi non un&#8217;attivit\u00e0 ma una situazione uno stato in cui si trova la persona in questione.<\/p>\n<p>La condizione \u00e8 quindi l&#8217;unico, tra i termini considerati, che non pu\u00f2 essere considerato sinonimo di professione, neanche dal punto di vista genealogico. In teoria&#8230;<\/p>\n<hr \/>\n<p>L&#8217;immagine dell&#8217;intestazione \u00e8 di Foto di ree-Photos (<a href=\"https:\/\/pixabay.com\/photos\/\" target=\"_blank\" rel=\"noopener noreferrer\">https:\/\/pixabay.com\/photos\/<\/a>) da Pixabay <a href=\"https:\/\/pixabay.com\/it\/\" target=\"_blank\" rel=\"noopener noreferrer\">https:\/\/pixabay.com\/it\/<\/a>.<\/p>\n","protected":false},"excerpt":{"rendered":"<p>Negli atti dello stato civile cos\u00ec come quelli notarili ed anche i registri parrocchiali, i nomi delle persone sono preceduti o seguiti, quando necessario, dai titoli che queste persone avevano. Nelle liste di Professioni ed Occupazioni in internet (cfr. p.es. [liste2020]) spesso sono inclusi anche tali titoli, abbreviati o meno, o le corrispondenti funzioni delle [&hellip;]<\/p>\n","protected":false},"author":1,"featured_media":0,"parent":26,"menu_order":6,"comment_status":"closed","ping_status":"closed","template":"page-fullwidth.php","meta":{"footnotes":""},"class_list":["post-14","page","type-page","status-publish","hentry"],"_links":{"self":[{"href":"https:\/\/robertogreco.eu\/lessico-genealogico\/wp-json\/wp\/v2\/pages\/14","targetHints":{"allow":["GET"]}}],"collection":[{"href":"https:\/\/robertogreco.eu\/lessico-genealogico\/wp-json\/wp\/v2\/pages"}],"about":[{"href":"https:\/\/robertogreco.eu\/lessico-genealogico\/wp-json\/wp\/v2\/types\/page"}],"author":[{"embeddable":true,"href":"https:\/\/robertogreco.eu\/lessico-genealogico\/wp-json\/wp\/v2\/users\/1"}],"replies":[{"embeddable":true,"href":"https:\/\/robertogreco.eu\/lessico-genealogico\/wp-json\/wp\/v2\/comments?post=14"}],"version-history":[{"count":2,"href":"https:\/\/robertogreco.eu\/lessico-genealogico\/wp-json\/wp\/v2\/pages\/14\/revisions"}],"predecessor-version":[{"id":950,"href":"https:\/\/robertogreco.eu\/lessico-genealogico\/wp-json\/wp\/v2\/pages\/14\/revisions\/950"}],"up":[{"embeddable":true,"href":"https:\/\/robertogreco.eu\/lessico-genealogico\/wp-json\/wp\/v2\/pages\/26"}],"wp:attachment":[{"href":"https:\/\/robertogreco.eu\/lessico-genealogico\/wp-json\/wp\/v2\/media?parent=14"}],"curies":[{"name":"wp","href":"https:\/\/api.w.org\/{rel}","templated":true}]}}