{"id":33,"date":"2021-02-08T18:43:59","date_gmt":"2021-02-08T17:43:59","guid":{"rendered":"http:\/\/robertogreco.eu\/lessico-genealogico\/?page_id=33"},"modified":"2021-02-08T18:50:06","modified_gmt":"2021-02-08T17:50:06","slug":"attivita-per-materia","status":"publish","type":"page","link":"https:\/\/robertogreco.eu\/lessico-genealogico\/definizioni-e-tassonomie\/attivita-per-materia\/","title":{"rendered":"Attivit\u00e0 per Materia"},"content":{"rendered":"<figure id=\"attachment_518\" class=\"thumbnail wp-caption alignleft\" style=\"width: 287px\"><img loading=\"lazy\" decoding=\"async\" class=\"wp-image-518 size-medium\" src=\"http:\/\/lessico-genealogico.robertogreco.eu\/wp-content\/uploads\/2021\/02\/Standard_Model_of_Elementary_Particles_it-277x300.png\" alt=\"\" width=\"277\" height=\"300\" \/><figcaption class=\"caption wp-caption-text\">Particelle Elementari. [1]<\/figcaption><\/figure>\n<p style=\"text-align: right;\">&#8220;<em>Siamo fatti della stessa materia<\/em><br \/>\n<em>Della quale sono fatti i sogni,<\/em><br \/>\n<em>E la nostra breve vita<br \/>\n\u00e8 coronata da un sonno.<\/em>&#8220;<sup>[<a href=\"#nota2\">2<\/a>]<\/sup><br \/>\nProspero in La Tempesta.<\/p>\n<p>Elenco delle attivit\u00e0 per materia usata o elaborata.<\/p>\n<p>Si ricordi che il termine materia \u00e8 da me usato sia nell&#8217;accezione &#8220;<strong>1.a.<\/strong> &#8230; ci\u00f2 che costituisce tutti i corpi, la sostanza fisica che, assumendo forme diverse nello spazio, pu\u00f2 essere oggetto di esperienza sensibile&#8230;&#8221; che in quella di &#8220;<strong>4.a.<\/strong> Argomento in genere, soggetto di cui si tratta in una conversazione, in una conferenza, in un libro, ecc. ..:&#8221; e di &#8220;<strong>4.c.<\/strong> Disciplina di studio o d\u2019insegnamento e simili &#8230;&#8221; [<a href=\"https:\/\/www.treccani.it\/vocabolario\/materia\/\" target=\"_blank\" rel=\"noopener noreferrer\">Treccani<\/a>]. Quindi nell&#8217;esempio del <a href=\"https:\/\/famiglia-greco.eu\/professioni-ed-altro\/esco-08\/esco08-03\/mercante\/\" target=\"_blank\" rel=\"noopener noreferrer\">mercante<\/a>, cos\u00ec come del <a href=\"https:\/\/famiglia-greco.eu\/professioni-ed-altro\/professioni\/professioni-verificate-f1\/commesso\/\" target=\"_blank\" rel=\"noopener noreferrer\">commesso<\/a> e del <a href=\"https:\/\/famiglia-greco.eu\/professioni-ed-altro\/esco-08\/esco08-03\/negoziante\/\" target=\"_blank\" rel=\"noopener noreferrer\">negoziante<\/a> la materia sar\u00e0 il commercio, se altrimenti non specificato nell&#8217;atto da noi analizzato.<\/p>\n<p>Le materie qui elencate sono in ordine alfabetico. Questa classificazione \u00e8 puramente soggettiva e non rappresenta alcuno standard n\u00e8 ha la pretesa di dettar legge in &#8230; materia \ud83d\ude09.<\/p>\n<h2>Alimentari e Ristorazione<\/h2>\n<p>Categoria che comprende le professioni di chi produce o vende materie commestibili, compresi i liquidi.<\/p>\n<p>[mctagmap responsive=&#8221;yes&#8221; width=&#8221;30%&#8221; columns=&#8221;4&#8243;\u00a0 tag_count=&#8221;no&#8221; multi_page=&#8221;no&#8221; from_category=&#8221;alimentari-e-ristorazione&#8221; ]<\/p>\n<h2>Armi e Militari<\/h2>\n<p>Questa categoria comprende le professioni di chi produce, vende o usa le armi.<\/p>\n<p>[mctagmap responsive=&#8221;yes&#8221; width=&#8221;30%&#8221; columns=&#8221;4&#8243; \u00a0tag_count=&#8221;no&#8221; multi_page=&#8221;no&#8221; from_category=&#8221;armi-e-militari&#8221; ]<\/p>\n<h2>Arti e Strumenti<\/h2>\n<p>Le professioni che riguardano le arti, come quelle musicali e letterarie, comprese le professioni che permettono la produzione di tali arti, come per esempio chi produce strumenti musicali sono comprese in questa categoria.<\/p>\n<p>[mctagmap responsive=&#8221;yes&#8221; width=&#8221;30%&#8221; columns=&#8221;4&#8243; \u00a0tag_count=&#8221;no&#8221; multi_page=&#8221;no&#8221; from_category=&#8221;arti-e-strumenti&#8221; ]<\/p>\n<h2>Ceramiche e Vetro<\/h2>\n<p>Tale categoria raggruppa le professioni che elaborano \u00a0le ceramiche, incluso argille e terracotte ed il vetro, cos\u00ec come chi vende i prodotti finiti fatti con esse.<\/p>\n<p>[mctagmap responsive=&#8221;yes&#8221; width=&#8221;30%&#8221; columns=&#8221;4&#8243; \u00a0tag_count=&#8221;no&#8221; multi_page=&#8221;no&#8221; from_category=&#8221;ceramica-e-vetro&#8221; ]<\/p>\n<h2>Commercio<\/h2>\n<p>In questa categoria sono comprense le professioni che riguardano il vendere all&#8217;ingrosso o al dettaglio, se negli atti non \u00e8 specificato cosa fosse il prodotto principale venduto. Non comprende la vendita di soldi, intesa come il cambio di valute o il prestito degli stessi.<\/p>\n<p>[mctagmap responsive=&#8221;yes&#8221; width=&#8221;30%&#8221; columns=&#8221;4&#8243; \u00a0tag_count=&#8221;no&#8221; multi_page=&#8221;no&#8221; from_category=&#8221;commercio&#8221; ]<\/p>\n<h2>Edifici e simili<\/h2>\n<p>Comprende le professioni che riguardano gli edifici o altre costruzioni, compreso la loro pianificazione e progettazione, la loro costruzione, ed il loro mantenimento ed abbellimento, la loro custodia, ma non la loro gestione amministrativa.<\/p>\n<p>[mctagmap responsive=&#8221;yes&#8221; width=&#8221;30%&#8221; columns=&#8221;4&#8243; \u00a0tag_count=&#8221;no&#8221; multi_page=&#8221;no&#8221; from_category=&#8221;edifici-e-simili&#8221; ]<\/p>\n<h2>Elettriche ed Elettroniche<\/h2>\n<p>Questa \u00e8 una categoria che comprende le professioni che producono, usano o vendono impanti o apparati elettrici, comprese quelle professioni che vendono o usano i materiali per costruirli o ripararli.<\/p>\n<p>[mctagmap responsive=&#8221;yes&#8221; width=&#8221;30%&#8221; columns=&#8221;4&#8243; \u00a0tag_count=&#8221;no&#8221; multi_page=&#8221;no&#8221; from_category=&#8221;elettriche-ed-elettroniche&#8221; ]<\/p>\n<h2>Finanze e Denaro<\/h2>\n<p>La categoria che comprende quelle professioni che riguardano le finanze ed il denaro, ovvero la loro amministrazione, comprese le tasse, gabelle, multe e tali professioni per riscuoterle.<\/p>\n<p>[mctagmap responsive=&#8221;yes&#8221; width=&#8221;30%&#8221; columns=&#8221;4 \u00a0tag_count=&#8221;no&#8221; multi_page=&#8221;no&#8221; from_category=&#8221;finanze-e-denaro&#8221; ]<\/p>\n<h2>Lavoro Manuale<\/h2>\n<p>In tale categoria sono comprese le professioni, non specializzate, che riguardano il lavoro manuale, comprese quelle professioni generiche come i factotum e non altrimenti classificabili, p.es. il <a href=\"https:\/\/famiglia-greco.eu\/professioni-ed-altro\/professioni\/professioni-verificate-f1\/giornaliere\/\">giornaliere<\/a> poteva essere chiamato per eseguire i pi\u00f9 disparati lavori, sia come un bracchiante che come un muratore.<\/p>\n<p>[mctagmap responsive=&#8221;yes&#8221; width=&#8221;30%&#8221; columns=&#8221;4&#8243; \u00a0tag_count=&#8221;no&#8221; multi_page=&#8221;no&#8221; from_category=&#8221;lavoro-manuale&#8221; ]<\/p>\n<h2>Legno<\/h2>\n<p>Comprende tutte quelle professioni che hanno a che fare con il legno, sia che lo producano, come p.es. il <a href=\"https:\/\/famiglia-greco.eu\/professioni-ed-altro\/professioni\/professioni-verificate-f1\/legnaiolo\/\">legnaiolo<\/a>, sia che lo elaborino, come p.es. il <a href=\"https:\/\/famiglia-greco.eu\/professioni-ed-altro\/professioni\/professioni-verificate-f1\/falegname\/\">falegname<\/a> o il <a href=\"https:\/\/famiglia-greco.eu\/professioni-ed-altro\/professioni\/professioni-verificate-f1\/carpentiere\/\">carpentiere<\/a>.<\/p>\n<p>[mctagmap responsive=&#8221;yes&#8221; width=&#8221;30%&#8221; columns=&#8221;4&#8243; \u00a0tag_count=&#8221;no&#8221; multi_page=&#8221;no&#8221; from_category=&#8221;legno&#8221; ]<\/p>\n<h2>Macchine<\/h2>\n<p>Comprende tutte quelle professioni che hanno a che fare con macchine o macchinari in genere.<\/p>\n<p>[mctagmap responsive=&#8221;yes&#8221; width=&#8221;30%&#8221; columns=&#8221;4&#8243; \u00a0tag_count=&#8221;no&#8221; multi_page=&#8221;no&#8221; from_category=&#8221;macchine&#8221; ]<\/p>\n<h2>Materiali non Preziosi<\/h2>\n<p>Comprende le professioni che riguardano metalli e pietre non preziosi, compreso i prodotti chimici, sia la loro estrazione, lavorazione, produzione e vendita, escluse le professioni che trattano ceramiche, argille, terracotte e vetro (si veda pi\u00f9 sopra).<\/p>\n<p>[mctagmap responsive=&#8221;yes&#8221; width=&#8221;30%&#8221; columns=&#8221;4&#8243; \u00a0tag_count=&#8221;no&#8221; multi_page=&#8221;no&#8221; from_category=&#8221;materiali-non-preziosi&#8221; ]<\/p>\n<h2>Materiali Preziosi<\/h2>\n<p>Comprende le professioni che riguardano metalli e pietre preziosi, sia la loro estrazione, lavorazione, produzione e vendita.<\/p>\n<p>[mctagmap responsive=&#8221;yes&#8221; width=&#8221;30%&#8221; columns=&#8221;4&#8243; \u00a0tag_count=&#8221;no&#8221; multi_page=&#8221;no&#8221; from_category=&#8221;materiali-preziosi&#8221; ]<\/p>\n<h2>Medicina e Cure Umane<\/h2>\n<p>professioni che riguardano la medicina o in generale le cure fisiche degli esseri umani, incluse quindi anche quelle professioni che un tempo non richiedevano una laurea in medicina. Incluse sono le professioni che si prendono cura dei trapassati.<\/p>\n<p>[mctagmap responsive=&#8221;yes&#8221; width=&#8221;30%&#8221; columns=&#8221;4&#8243; \u00a0tag_count=&#8221;no&#8221; multi_page=&#8221;no&#8221; from_category=&#8221;medicina-e-cure-umane&#8221; ]<\/p>\n<h2>Nobiliari<\/h2>\n<p>Queste non sono professioni ma per lo pi\u00f9 titoli nobiliari.<\/p>\n<p>[mctagmap responsive=&#8221;yes&#8221; width=&#8221;30%&#8221; columns=&#8221;4&#8243; \u00a0tag_count=&#8221;no&#8221; multi_page=&#8221;no&#8221; from_category=&#8221;nobiliari&#8221; ]<\/p>\n<h2>Piante ed Animali<\/h2>\n<p>Comprende le professioni che riguardano le piante e gli animali, compreso il loro allevamento e vendita, cos\u00ec come la loro cura, ma non la preparazione per i tessuti o la loro macellazione . Macellai ecc. sono compresi nella categoria <em>Alimentari e Ristorazione<\/em> (vedi pi\u00f9 sopra) n\u00e8 sono comprese le professioni per il trattamento del cotone e del cuoio, vedi per quest&#8217;ultimi pi\u00f9 sotto in <em>Stoffe e Pelli<\/em>.<\/p>\n<p>[mctagmap responsive=&#8221;yes&#8221; width=&#8221;30%&#8221; columns=&#8221;4&#8243; \u00a0tag_count=&#8221;no&#8221; multi_page=&#8221;no&#8221; from_category=&#8221;piante-ed-animali&#8221; ]<\/p>\n<h2>Politica e Leggi<\/h2>\n<p>Comprende le professioni che riguardano la politica, la pubblica amministrazione, cos\u00ec come quelle che riguardano leggi e tribunali.<\/p>\n<p>[mctagmap responsive=&#8221;yes&#8221; width=&#8221;30%&#8221; columns=&#8221;4&#8243; \u00a0tag_count=&#8221;no&#8221; multi_page=&#8221;no&#8221; from_category=&#8221;politica-e-legge&#8221; ]<\/p>\n<h2>Religione<\/h2>\n<p>Comprende le professioni che riguardano la religione cos\u00ec come i titoli che la riguardano.<\/p>\n<p>[mctagmap responsive=&#8221;yes&#8221; width=&#8221;30%&#8221; columns=&#8221;4&#8243; \u00a0tag_count=&#8221;no&#8221; multi_page=&#8221;no&#8221; from_category=&#8221;religione&#8221; ]<\/p>\n<h2>Sport<\/h2>\n<p>Comprende le professioni che riguardano lo sport, sia chi lo pratica, che chi lo gestisce o lo rende possibile mettendo a disposizione luoghi o impianti.<\/p>\n<p>[mctagmap responsive=&#8221;yes&#8221; width=&#8221;30%&#8221; columns=&#8221;4&#8243; \u00a0tag_count=&#8221;no&#8221; multi_page=&#8221;no&#8221; from_category=&#8221;sport&#8221; ]<\/p>\n<h2>Stoffe e Pelli<\/h2>\n<p>Comprende le professioni che elaborano e vendono sia stoffe che pelli.<\/p>\n<p>[mctagmap responsive=&#8221;yes&#8221; width=&#8221;30%&#8221; columns=&#8221;4&#8243; tag_count=&#8221;no&#8221; multi_page=&#8221;no&#8221; from_category=&#8221;stoffe-e-pelli&#8221; ]<\/p>\n<h2>Trasporto e Mezzi di Trasporto<\/h2>\n<p>Comprende le professioni che riguardano il trasporto di cose e persone, cos\u00ec come quelle che riguardano la costruzione, la riparazione, la vendita, il noleggio dei mezzi di trasporto o parte di essi.<\/p>\n<p>[mctagmap responsive=&#8221;yes&#8221; width=&#8221;30%&#8221; columns=&#8221;4&#8243; \u00a0tag_count=&#8221;no&#8221; multi_page=&#8221;no&#8221; from_category=&#8221;trasporto-e-mezzi-di-trasporto&#8221; ]<\/p>\n<h2>Varie<\/h2>\n<p>Comprende tutte quelle professioni che non sono riuscito a classificare in modo per me soddisfacente nelle categorie precedenti o quelle che pur potendole classificate avrebbero generato una lista con un solo termine.<\/p>\n<p>[mctagmap responsive=&#8221;yes&#8221; width=&#8221;30%&#8221; columns=&#8221;4&#8243;tag_count=&#8221;no&#8221; multi_page=&#8221;yes&#8221; show_navigation=&#8221;yes&#8221; show_posts=&#8221;yes&#8221; from_category=&#8221;varie&#8221;]<\/p>\n<hr \/>\n<p><sup>[<a name=\"nota1\"><\/a>1]<\/sup> Modello standard delle Particelle Elelmentari. Immagine di MissMJderivative work: Restu20 (talk) &#8211; Standard_Model_of_Elementary_Particles.svg, CC BY 3.0, <a href=\"https:\/\/commons.wikimedia.org\/w\/index.php?curid=9889684\" target=\"_blank\" rel=\"noopener noreferrer\">https:\/\/commons.wikimedia.org\/w\/index.php?curid=9889684<\/a>.<\/p>\n<p><sup>[<a name=\"nota2\"><\/a>2]<\/sup> Traduzione proprio dall&#8217;originale in inglese di William Shakespeare; Prospero, in La Tempesta, Atto IV, Scena I: &#8220;<em>We are such stuff \/\/ As dreams are made on and our little life \/\/ Is rounded with a sleep<\/em>&#8221; in <em>Shakespeare&#8217;s The Tempst<\/em> del Rev. Henry N. Hudson [<a href=\"https:\/\/famiglia-greco.eu\/riferimenti\/riferimenti-vari\/hudson1890\/\" target=\"_blank\" rel=\"noopener noreferrer\">hudson1890<\/a>, pag. 125]. Il &#8220;sonno&#8221; alla fine della citazione \u00e8 inteso come la morte, come nell&#8217;Amleto: &#8220;Morire, dormire: niente pi\u00f9&#8221; (&#8220;<em>To die, to sleep: no more<\/em>&#8220;).<\/p>\n","protected":false},"excerpt":{"rendered":"<p>&#8220;Siamo fatti della stessa materia Della quale sono fatti i sogni, E la nostra breve vita \u00e8 coronata da un sonno.&#8220;[2] Prospero in La Tempesta. Elenco delle attivit\u00e0 per materia usata o elaborata. Si ricordi che il termine materia \u00e8 da me usato sia nell&#8217;accezione &#8220;1.a. &#8230; ci\u00f2 che costituisce tutti i corpi, la sostanza [&hellip;]<\/p>\n","protected":false},"author":1,"featured_media":0,"parent":26,"menu_order":7,"comment_status":"closed","ping_status":"closed","template":"","meta":{"footnotes":""},"class_list":["post-33","page","type-page","status-publish","hentry"],"_links":{"self":[{"href":"https:\/\/robertogreco.eu\/lessico-genealogico\/wp-json\/wp\/v2\/pages\/33","targetHints":{"allow":["GET"]}}],"collection":[{"href":"https:\/\/robertogreco.eu\/lessico-genealogico\/wp-json\/wp\/v2\/pages"}],"about":[{"href":"https:\/\/robertogreco.eu\/lessico-genealogico\/wp-json\/wp\/v2\/types\/page"}],"author":[{"embeddable":true,"href":"https:\/\/robertogreco.eu\/lessico-genealogico\/wp-json\/wp\/v2\/users\/1"}],"replies":[{"embeddable":true,"href":"https:\/\/robertogreco.eu\/lessico-genealogico\/wp-json\/wp\/v2\/comments?post=33"}],"version-history":[{"count":1,"href":"https:\/\/robertogreco.eu\/lessico-genealogico\/wp-json\/wp\/v2\/pages\/33\/revisions"}],"predecessor-version":[{"id":34,"href":"https:\/\/robertogreco.eu\/lessico-genealogico\/wp-json\/wp\/v2\/pages\/33\/revisions\/34"}],"up":[{"embeddable":true,"href":"https:\/\/robertogreco.eu\/lessico-genealogico\/wp-json\/wp\/v2\/pages\/26"}],"wp:attachment":[{"href":"https:\/\/robertogreco.eu\/lessico-genealogico\/wp-json\/wp\/v2\/media?parent=33"}],"curies":[{"name":"wp","href":"https:\/\/api.w.org\/{rel}","templated":true}]}}