{"id":44,"date":"2021-02-08T18:51:51","date_gmt":"2021-02-08T17:51:51","guid":{"rendered":"http:\/\/robertogreco.eu\/lessico-genealogico\/?page_id=44"},"modified":"2021-02-08T19:38:23","modified_gmt":"2021-02-08T18:38:23","slug":"definizioni-professioni-ed-occupazioni","status":"publish","type":"page","link":"https:\/\/robertogreco.eu\/lessico-genealogico\/definizioni-e-tassonomie\/definizioni-professioni-ed-occupazioni\/","title":{"rendered":"Definizioni: Professioni ed Occupazioni"},"content":{"rendered":"<h2>Professione<\/h2>\n<p>La <strong>professione<\/strong> indica la &#8220;<strong>2.<\/strong> Attivit\u00e0 intellettuale o manuale esercitata in modo continuativo e a scopo di guadagno. In particolare: <strong>a.<\/strong> In senso ampio, qualsiasi attivit\u00e0 lavorativa abituale, inclusi anche i var\u00ee impieghi e mestieri &#8230; <strong>b.<\/strong> In senso pi\u00f9 ristretto, attivit\u00e0 intellettuale per l\u2019esercizio della quale sia richiesta la laurea o una particolare abilitazione &#8230;&#8221; [<a href=\"https:\/\/www.treccani.it\/vocabolario\/professione\/\" target=\"_blank\" rel=\"noopener noreferrer\">Treccani<\/a>],.<\/p>\n<h2>Occupazione<\/h2>\n<p>L&#8217;<strong>occupazione<\/strong> indica &#8220;<strong>2.a.<\/strong> Ogni lavoro, attivit\u00e0, faccenda che tenga occupati, in cui s\u2019impieghi il proprio tempo &#8230; <strong>b.<\/strong> In particolare, lavoro retribuito, specificatamente con carattere di stabilit\u00e0; impiego, posto di lavoro &#8230;&#8221; [<a href=\"https:\/\/www.treccani.it\/vocabolario\/occupazione\/\" target=\"_blank\" rel=\"noopener noreferrer\">Treccani<\/a>].<\/p>\n<p>Per i nostri scopi quindi, e considerando l&#8217;ambito della genealogia<sup>[<a href=\"#nota3\">3<\/a>]<\/sup>, professione ed occupazione sono considerati come sinonimi su queste pagina.<\/p>\n<hr \/>\n<p>L&#8217;immagine dell&#8217;intestazione \u00e8 di Foto di ree-Photos (<a href=\"https:\/\/pixabay.com\/photos\/\" target=\"_blank\" rel=\"noopener noreferrer\">https:\/\/pixabay.com\/photos\/<\/a>) da Pixabay <a href=\"https:\/\/pixabay.com\/it\/\" target=\"_blank\" rel=\"noopener noreferrer\">https:\/\/pixabay.com\/it\/<\/a>.<\/p>\n<p><sup id=\"nota3\">[3]<\/sup> Non concordando appieno con la definizione di genealogia data dal [Treccani] &#8220;Disciplina che tratta dell\u2019origine e della discendenza di famiglie e di stirpi; con la cronologia, la diplomatica ecc. \u00e8 una delle dottrine ausiliarie della storia. &#8230;&#8221;, in quanto la considera come dottrina ausiliare della sola storia, considero su queste pagine la definzione di genealogia come scienza che segue la &#8220;&#8230; La ricerca genealogica, come qualsiasi altra istanza scientifica che voglia pervenire a risultati certi e, come tali, verificabili, si attua attraverso l&#8217;esplicitazione di un metodo, fondato nel caso specifico su conoscenze interdisciplinari che, coniugando in modo sistematico esperienze di carattere storico-sociale, archivistico e giuridico (diritto di famiglia), nonch\u00e9 socio-linguistico (onomastica) e di storia della scrittura (paleografia), forniscano gli strumenti idonei per reperire, leggere, comprendere e contestualizzare le fonti.&#8221; [<a href=\"https:\/\/it.wikipedia.org\/wiki\/Genealogia\" target=\"_blank\" rel=\"noopener noreferrer\">wikipedia<\/a>, 27.10.2020-14:30]. Preferisco la definizione data in\u00a0[<a href=\"https:\/\/it.wikipedia.org\/wiki\/Genealogia\" target=\"_blank\" rel=\"noopener noreferrer\">wikipedia<\/a>] soprattutto perch\u00e9 considera &#8220;conoscenze interdisciplinari&#8221;, vedi anche <a href=\"https:\/\/famiglia-greco.eu\/genetealogia\/\">genealogia<\/a>.<\/p>\n","protected":false},"excerpt":{"rendered":"<p>Professione La professione indica la &#8220;2. Attivit\u00e0 intellettuale o manuale esercitata in modo continuativo e a scopo di guadagno. In particolare: a. In senso ampio, qualsiasi attivit\u00e0 lavorativa abituale, inclusi anche i var\u00ee impieghi e mestieri &#8230; b. In senso pi\u00f9 ristretto, attivit\u00e0 intellettuale per l\u2019esercizio della quale sia richiesta la laurea o una particolare [&hellip;]<\/p>\n","protected":false},"author":1,"featured_media":0,"parent":26,"menu_order":4,"comment_status":"closed","ping_status":"closed","template":"","meta":{"footnotes":""},"class_list":["post-44","page","type-page","status-publish","hentry"],"_links":{"self":[{"href":"https:\/\/robertogreco.eu\/lessico-genealogico\/wp-json\/wp\/v2\/pages\/44","targetHints":{"allow":["GET"]}}],"collection":[{"href":"https:\/\/robertogreco.eu\/lessico-genealogico\/wp-json\/wp\/v2\/pages"}],"about":[{"href":"https:\/\/robertogreco.eu\/lessico-genealogico\/wp-json\/wp\/v2\/types\/page"}],"author":[{"embeddable":true,"href":"https:\/\/robertogreco.eu\/lessico-genealogico\/wp-json\/wp\/v2\/users\/1"}],"replies":[{"embeddable":true,"href":"https:\/\/robertogreco.eu\/lessico-genealogico\/wp-json\/wp\/v2\/comments?post=44"}],"version-history":[{"count":1,"href":"https:\/\/robertogreco.eu\/lessico-genealogico\/wp-json\/wp\/v2\/pages\/44\/revisions"}],"predecessor-version":[{"id":45,"href":"https:\/\/robertogreco.eu\/lessico-genealogico\/wp-json\/wp\/v2\/pages\/44\/revisions\/45"}],"up":[{"embeddable":true,"href":"https:\/\/robertogreco.eu\/lessico-genealogico\/wp-json\/wp\/v2\/pages\/26"}],"wp:attachment":[{"href":"https:\/\/robertogreco.eu\/lessico-genealogico\/wp-json\/wp\/v2\/media?parent=44"}],"curies":[{"name":"wp","href":"https:\/\/api.w.org\/{rel}","templated":true}]}}